{"id":706,"date":"2020-07-18T16:07:25","date_gmt":"2020-07-18T14:07:25","guid":{"rendered":"https:\/\/groupeeffica.com\/formation-vente-au-detail-en-magasin\/"},"modified":"2021-01-03T15:48:20","modified_gmt":"2021-01-03T14:48:20","slug":"retail-store-sales-training","status":"publish","type":"page","link":"https:\/\/groupeeffica.com\/en\/retail-store-sales-training\/","title":{"rendered":"Retail Store Sales Training"},"content":{"rendered":"<div id='effica_header'  class='avia-section main_color avia-section-small avia-no-border-styling  av-parallax-section avia-bg-style-parallax  avia-builder-el-0  el_before_av_one_half  avia-builder-el-first   av-minimum-height av-minimum-height-custom  container_wrap fullsize' style=' '  data-section-bg-repeat='no-repeat'><div class='av-parallax' data-avia-parallax-ratio='0.3' ><div class='av-parallax-inner main_color  avia-full-stretch' style = 'background-repeat: no-repeat; background-image: url(https:\/\/groupeeffica.com\/wp-content\/uploads\/2020\/07\/effica-header-background-dark.jpg);background-attachment: scroll; background-position: center center; ' ><\/div><\/div><div class='container' style='height:400px'><main  role=\"main\" itemprop=\"mainContentOfPage\"  class='template-page content  av-content-full alpha units'><div class='post-entry post-entry-type-page post-entry-706'><div class='entry-content-wrapper clearfix'>\n<div class=\"flex_column av_one_fifth  flex_column_div av-zero-column-padding first  avia-builder-el-1  el_before_av_four_fifth  avia-builder-el-first  \" style='margin-top:0px; margin-bottom:0px; border-radius:0px; '><\/div><div class=\"flex_column av_four_fifth  flex_column_div av-zero-column-padding   avia-builder-el-2  el_after_av_one_fifth  avia-builder-el-last  \" style='margin-top:0px; margin-bottom:0px; border-radius:0px; '><section class=\"av_textblock_section \"  itemscope=\"itemscope\" itemtype=\"https:\/\/schema.org\/CreativeWork\" ><div class='avia_textblock  '   itemprop=\"text\" ><div class=\"page-header\">\n<div class=\"h2\" style=\"text-align: right;\"><em>Formation<\/em><br \/>\nVENTE AU D\u00c9TAIL EN MAGASIN<\/p>\n<hr \/>\n<p><span style=\"color: #ea961a;\">&nbsp;<\/span><\/p>\n<\/div>\n<\/div>\n<\/div><\/section><\/div>\n<\/div><\/div><\/main><!-- close content main element --><\/div><\/div><div id='after_section_1'  class='main_color av_default_container_wrap container_wrap fullsize' style=' '  ><div class='container' ><div class='template-page content  av-content-full alpha units'><div class='post-entry post-entry-type-page post-entry-706'><div class='entry-content-wrapper clearfix'>\n<div class=\"flex_column av_one_half  flex_column_div av-zero-column-padding first  avia-builder-el-4  el_after_av_section  el_before_av_one_half  avia-builder-el-first  \" style='border-radius:0px; '><section class=\"av_textblock_section \"  itemscope=\"itemscope\" itemtype=\"https:\/\/schema.org\/CreativeWork\" ><div class='avia_textblock effica-page-header-image '   itemprop=\"text\" ><div><img loading=\"lazy\" decoding=\"async\" class=\"alignnone wp-image-254 size-full\" src=\"https:\/\/groupeeffica.com\/wp-content\/uploads\/2020\/07\/vente-detail-magasin.jpg\" alt=\"Ventes au d\u00e9tail en magasin\" width=\"1000\" height=\"368\" srcset=\"https:\/\/groupeeffica.com\/wp-content\/uploads\/2020\/07\/vente-detail-magasin.jpg 1000w, https:\/\/groupeeffica.com\/wp-content\/uploads\/2020\/07\/vente-detail-magasin-300x110.jpg 300w, https:\/\/groupeeffica.com\/wp-content\/uploads\/2020\/07\/vente-detail-magasin-768x283.jpg 768w, https:\/\/groupeeffica.com\/wp-content\/uploads\/2020\/07\/vente-detail-magasin-705x259.jpg 705w\" sizes=\"auto, (max-width: 1000px) 100vw, 1000px\" \/><\/div>\n<\/div><\/section><\/div>\n<div class=\"flex_column av_one_half  flex_column_div av-zero-column-padding   avia-builder-el-6  el_after_av_one_half  el_before_av_one_full  \" style='border-radius:0px; '><\/div>\n<div class=\"flex_column av_one_full  flex_column_div av-zero-column-padding first  avia-builder-el-7  el_after_av_one_half  avia-builder-el-last  column-top-margin\" style='border-radius:0px; '><section class=\"av_textblock_section \"  itemscope=\"itemscope\" itemtype=\"https:\/\/schema.org\/CreativeWork\" ><div class='avia_textblock  '   itemprop=\"text\" ><h3>MAIN OBJECTIVE<\/h3>\n<p>Improve sales revenue per square foot and increase the total value of the average shopping basket. This training session will help the participants to understand and use the 5 Step Sales Process (or ADAPT in French version.) in order to help them reach company sales and profit targets.<\/p>\n<h3>Training Objectives<\/h3>\n<p>At the end of this training session, the participants will be able to:<\/p>\n<ul>\n<li>Describe the 3 steps of the client&#8217;s purchasing process.<\/li>\n<li>Greet the client with the intention to establish trust.<\/li>\n<li>Ask sales-oriented questions that help to analyse each client&#8217;s particular needs.<\/li>\n<li>Find clues which reveal those needs of the client which can be met.<\/li>\n<li>Direct the client&#8217;s attention toward the elements which will demonstrate that it is possible to answer their needs.<\/li>\n<li>Demonstrate the value added of your products or services.<\/li>\n<li>Formulate convincing recommendations.<\/li>\n<li>Complete the sale with confidence.<\/li>\n<\/ul>\n<h3>CONTENT<\/h3>\n<p>The buying process of the client:<\/p>\n<ul>\n<li>Socio-demographic profiles: age groups, financial flexibility.<\/li>\n<li>The 3 stages in the client&#8217;s buying process.<\/li>\n<li>The enthusiastic greeting.<\/li>\n<li>Direct the client toward the advantages of your product.<\/li>\n<li>Learn more about the client&#8217;s needs.<\/li>\n<li>Propose a personalized solution.<\/li>\n<li>Transform the proposal into a sale.<\/li>\n<\/ul>\n<h3>THE METHODOLOGY<\/h3>\n<p>Every training session is customized for each of our clients. The examples, the exercises and the role play will reflect the real life situation of each company with whom we do business. The method of deployment (in the classroom, by video or by internet) are adapted to the actual needs of the company and the participants. All courses are available in modules.<\/p>\n<\/div><\/section><br \/>\n<div  class=\"tabcontainer   sidebar_tab sidebar_tab_left border_tabs  avia-builder-el-9  el_after_av_textblock  avia-builder-el-last \" role=\"tablist\">\n\n<section class=\"av_tab_section\"  itemscope=\"itemscope\" itemtype=\"https:\/\/schema.org\/CreativeWork\" ><div aria-controls=\"tab-id-1-content\" role=\"tab\" tabindex=\"0\" data-fake-id=\"#tab-id-1\" class=\"tab active_tab\"  itemprop=\"headline\" >Planification et gestion des activit\u00e9s<\/div>\n<div id=\"tab-id-1-content\" class=\"tab_content active_tab_content\" aria-hidden=\"false\">\n<div class=\"tab_inner_content invers-color\"  itemprop=\"text\" >\n<p><strong><span class=\"blue\">Guider et outiller les participants afin qu&#8217;ils d\u00e9veloppent leur propre plan de gestion des activit\u00e9s de vente.<\/span><\/strong><\/p>\n<h3>OBJECTIFS D\u2019APPRENTISSAGE<\/h3>\n<p>Au terme de cette formation, les participants seront en mesure de :<\/p>\n<ul>\n<li>\u00c9tablir une routine de vente optimale, afin qu&#8217;elle leur serve de guide dans la gestion quotidienne de leurs priorit\u00e9s<\/li>\n<li>Rep\u00e9rer les habitudes qu&#8217;ils doivent conserver, changer ou adopter pour optimiser les r\u00e9sultats, \u00e0 l\u2019int\u00e9rieur du temps dont ils disposent<\/li>\n<li>N\u00e9gocier efficacement avec les personnes susceptibles de leur faire gagner ou perdre du temps<\/li>\n<li>Utiliser les outils de planification et d\u2019ex\u00e9cution qui leur permettront d\u2019influencer davantage leur emploi du temps, en d\u00e9pit de toutes les interf\u00e9rences<\/li>\n<li>Exercer les trucs et techniques de gestion de temps sugg\u00e9r\u00e9s<\/li>\n<\/ul>\n<h3>CONTENU<\/h3>\n<p>Votre emploi du temps<\/p>\n<ul>\n<li>Une semaine dans votre vie professionnelle<\/li>\n<li>Les habitudes et l\u2019optimisation de son temps<\/li>\n<li>Les comportements de vente optimaux<\/li>\n<li>Votre semaine mod\u00e8le<\/li>\n<\/ul>\n<p>Les outils d\u2019optimisation de son temps<\/p>\n<ul>\n<li>Outils de planification<\/li>\n<li>Outils d\u2019ex\u00e9cution<\/li>\n<\/ul>\n<p>Optimiser son temps<\/p>\n<ul>\n<li>Votre trousse d\u2019optimisation<\/li>\n<li>Trucs et m\u00e9thodes<\/li>\n<\/ul>\n<h3>M\u00c9THODE<\/h3>\n<p>Toutes nos formations sont b\u00e2ties sur mesure pour chacun de nos clients. Les exemples, les exercices et les jeux de r\u00f4le sont cr\u00e9\u00e9s pour chaque compagnie avec lesquelles nous faisons affaire. La m\u00e9thode de d\u00e9ploiement (en classe, vid\u00e9o, internet) est adapt\u00e9e aux besoins de la compagnie ou des participants. Tous les cours sont disponibles par module.<\/p>\n\n<\/div>\n<\/div>\n<\/section>\n\n<section class=\"av_tab_section\"  itemscope=\"itemscope\" itemtype=\"https:\/\/schema.org\/CreativeWork\" ><div aria-controls=\"tab-id-2-content\" role=\"tab\" tabindex=\"0\" data-fake-id=\"#tab-id-2\" class=\"tab \"  itemprop=\"headline\" >D\u00e9veloppement des affaires<\/div>\n<div id=\"tab-id-2-content\" class=\"tab_content \" aria-hidden=\"true\">\n<div class=\"tab_inner_content invers-color\"  itemprop=\"text\" >\n<p><strong><span class=\"blue\">Accro\u00eetre le taux de succ\u00e8s de vos activit\u00e9s de prospection.<\/span><\/strong>&nbsp;<\/p>\n<h3>OBJECTIFS D\u2019APPRENTISSAGE<\/h3>\n<p>Au terme de cet atelier de formation, les participants seront en mesure de :<\/p>\n<ul>\n<li>D\u00e9crocher davantage de rendez-vous lorsqu&#8217;ils sollicitent<\/li>\n<li>D\u00e9velopper leurs habilet\u00e9s en mati\u00e8re de prise de contact et de prospection<\/li>\n<li>Donner le go\u00fbt \u00e0 leurs prospects de les rencontrer et d\u2019acheter<\/li>\n<li>Traiter les objections les plus courantes lors des sollicitations<\/li>\n<li>D\u00e9velopper continuellement de nouvelles affaires \u00e0 l\u2019aide des meilleures pratiques de prospection<\/li>\n<li>Passer \u00e0 l\u2019action<\/li>\n<\/ul>\n<h3>CONTENU<\/h3>\n<ul>\n<li>Plan de prospection trimestriel<\/li>\n<li>M\u00e9thodes et outils : t\u00e9l\u00e9phone, courriel, rencontres sociales, r\u00e9seaux sociaux.<\/li>\n<li>Les principes en sollicitation<\/li>\n<li>Habilet\u00e9s de prise de contact &#8211; quoi dire et comment le dire<\/li>\n<li>L\u2019\u00e9nonc\u00e9 qui soul\u00e8ve l\u2019int\u00e9r\u00eat du client<\/li>\n<li>Traiter les objections<\/li>\n<li>Obtenir le rendez-vous<\/li>\n<\/ul>\n<h3>M\u00c9THODE<\/h3>\n<p>Toutes nos formations sont b\u00e2ties sur mesure pour chacun de nos clients. Les exemples, les exercices et les jeux de r\u00f4le sont cr\u00e9\u00e9s pour chaque compagnie avec lesquelles nous faisons affaire. La m\u00e9thode de d\u00e9ploiement (en classe, vid\u00e9o, internet) est adapt\u00e9e aux besoins de la compagnie ou des participants. Tous les cours sont disponibles par module.<\/p>\n\n<\/div>\n<\/div>\n<\/section>\n\n<section class=\"av_tab_section\"  itemscope=\"itemscope\" itemtype=\"https:\/\/schema.org\/CreativeWork\" ><div aria-controls=\"tab-id-3-content\" role=\"tab\" tabindex=\"0\" data-fake-id=\"#tab-id-3\" class=\"tab \"  itemprop=\"headline\" >Vente strat\u00e9gique<\/div>\n<div id=\"tab-id-3-content\" class=\"tab_content \" aria-hidden=\"true\">\n<div class=\"tab_inner_content invers-color\"  itemprop=\"text\" >\n<p><strong><span class=\"blue\">Outiller et habiliter les participants aupr\u00e8s des entreprises \u00e0 exercer des pratiques de vente qui tiennent compte d&#8217;un long cycle de vente, de l&#8217;\u00e9chiquier politique et des enjeux d&#8217;affaires.<\/span><\/strong>&nbsp;<\/p>\n<h3>OBJECTIFS D\u2019APPRENTISSAGE<\/h3>\n<p>Au terme de cet atelier de formation, les participants seront en mesure de :<\/p>\n<ul>\n<li>Pr\u00e9parer chaque rencontre de mani\u00e8re \u00e0 orienter la discussion sur les besoins d&#8217;affaires du client<\/li>\n<li>Diriger l\u2019entretien de vente\/n\u00e9gociation<\/li>\n<li>Saisir des indices qui permettent de trouver des projets et de d\u00e9celer les besoins latents du client<\/li>\n<li>Poser des questions qui font ressortir les principaux enjeux d\u2019affaires et qui am\u00e8nent le client \u00e0 prendre conscience de leur impact sur son entreprise<\/li>\n<li>Proposer des solutions sur mesure qui r\u00e9pondent aux enjeux d\u2019affaires<\/li>\n<li>Passer \u00e0 l\u2019action \u00e0 la fin de chaque rencontre en sollicitant un engagement (closing et prochaines \u00e9tapes)<\/li>\n<\/ul>\n<h3>CONTENU<\/h3>\n<ul>\n<li>Les besoins conscients et inconscients<\/li>\n<li>Les profils de d\u00e9cideurs<\/li>\n<li>La m\u00e9thode des 5P\n<ol>\n<li>Pr\u00e9parer la rencontre<\/li>\n<li>Prendre le contr\u00f4le de l&#8217;entretien<\/li>\n<li>Poser des questions d&#8217;affaires<\/li>\n<li>Personnaliser la proposition<\/li>\n<li>Passer \u00e0 l&#8217;action<\/li>\n<\/ol>\n<\/li>\n<\/ul>\n<h3>M\u00c9THODE<\/h3>\n<p>Toutes nos formations sont b\u00e2ties sur mesure pour chacun de nos clients. Les exemples, les exercices et les jeux de r\u00f4le sont cr\u00e9\u00e9s pour chaque compagnie avec lesquelles nous faisons affaire. La m\u00e9thode de d\u00e9ploiement (en classe, vid\u00e9o, internet) est adapt\u00e9e aux besoins de la compagnie ou des participants. Tous les cours sont disponibles par module.<\/p>\n\n<\/div>\n<\/div>\n<\/section>\n\n<section class=\"av_tab_section\"  itemscope=\"itemscope\" itemtype=\"https:\/\/schema.org\/CreativeWork\" ><div aria-controls=\"tab-id-4-content\" role=\"tab\" tabindex=\"0\" data-fake-id=\"#tab-id-4\" class=\"tab \"  itemprop=\"headline\" >N\u00e9gociation et objections<\/div>\n<div id=\"tab-id-4-content\" class=\"tab_content \" aria-hidden=\"true\">\n<div class=\"tab_inner_content invers-color\"  itemprop=\"text\" >\n<p><strong><span class=\"blue\">Habiliter les participants \u00e0 g\u00e9rer les objections tout en pr\u00e9servant la relation avec le client.<\/span><\/strong>&nbsp;<\/p>\n<h3>OBJECTIFS D\u2019APPRENTISSAGE<\/h3>\n<p>Au terme de cet atelier, les participants seront en mesure de :<\/p>\n<ul>\n<li>R\u00e9agir efficacement aux obstacles de la vente<\/li>\n<li>Obtenir des leviers de n\u00e9gociation tout au long de leurs entretiens de vente<\/li>\n<li>Formuler les r\u00e9ponses aux diff\u00e9rents types d&#8217;objections<\/li>\n<li>Aiguiser leurs tactiques de n\u00e9gociation<\/li>\n<li>Pr\u00e9server leurs relations lors des n\u00e9gociations serr\u00e9es<\/li>\n<\/ul>\n<h3>CONTENU<\/h3>\n<ul>\n<li>Le point de vue du client<\/li>\n<li>Les diff\u00e9rents types d&#8217;objections<\/li>\n<li>Les diff\u00e9rentes techniques de r\u00e9ponses aux objections<\/li>\n<li>Les 4 piliers de la n\u00e9gociation<\/li>\n<li>Tactiques de n\u00e9gociation<\/li>\n<li>La technique SOS<\/li>\n<\/ul>\n<h3>M\u00c9THODE<\/h3>\n<p>Toutes nos formations sont b\u00e2ties sur mesure pour chacun de nos clients. Les exemples, les exercices et les jeux de r\u00f4le sont cr\u00e9\u00e9s pour chaque compagnie avec lesquelles nous faisons affaire. La m\u00e9thode de d\u00e9ploiement (en classe, vid\u00e9o, internet) est adapt\u00e9e aux besoins de la compagnie ou des participants. Tous les cours sont disponibles par module.<\/p>\n\n<\/div>\n<\/div>\n<\/section>\n\n<\/div>\n<\/p><\/div>\n","protected":false},"excerpt":{"rendered":"","protected":false},"author":1,"featured_media":0,"parent":0,"menu_order":0,"comment_status":"closed","ping_status":"closed","template":"","meta":{"footnotes":""},"tags":[],"class_list":["post-706","page","type-page","status-publish","hentry"],"yoast_head":"<!-- This site is optimized with the Yoast SEO plugin v27.1.1 - https:\/\/yoast.com\/product\/yoast-seo-wordpress\/ -->\n<title>Retail Store Sales Training - Groupe Effica<\/title>\n<meta name=\"robots\" content=\"index, follow, max-snippet:-1, max-image-preview:large, max-video-preview:-1\" \/>\n<link rel=\"canonical\" href=\"https:\/\/groupeeffica.com\/en\/retail-store-sales-training\/\" \/>\n<meta property=\"og:locale\" content=\"en_US\" \/>\n<meta property=\"og:type\" content=\"article\" \/>\n<meta property=\"og:title\" content=\"Retail Store Sales Training - Groupe Effica\" \/>\n<meta property=\"og:url\" content=\"https:\/\/groupeeffica.com\/en\/retail-store-sales-training\/\" \/>\n<meta property=\"og:site_name\" content=\"Groupe Effica\" \/>\n<meta property=\"article:modified_time\" content=\"2021-01-03T14:48:20+00:00\" \/>\n<meta property=\"og:image\" content=\"https:\/\/groupeeffica.com\/wp-content\/uploads\/2020\/07\/vente-detail-magasin.jpg\" \/>\n<meta name=\"twitter:card\" content=\"summary_large_image\" \/>\n<meta name=\"twitter:label1\" content=\"Est. reading time\" \/>\n\t<meta name=\"twitter:data1\" content=\"10 minutes\" \/>\n<script type=\"application\/ld+json\" class=\"yoast-schema-graph\">{\"@context\":\"https:\/\/schema.org\",\"@graph\":[{\"@type\":\"WebPage\",\"@id\":\"https:\/\/groupeeffica.com\/en\/retail-store-sales-training\/\",\"url\":\"https:\/\/groupeeffica.com\/en\/retail-store-sales-training\/\",\"name\":\"Retail Store Sales Training - Groupe Effica\",\"isPartOf\":{\"@id\":\"https:\/\/groupeeffica.com\/en\/#website\"},\"primaryImageOfPage\":{\"@id\":\"https:\/\/groupeeffica.com\/en\/retail-store-sales-training\/#primaryimage\"},\"image\":{\"@id\":\"https:\/\/groupeeffica.com\/en\/retail-store-sales-training\/#primaryimage\"},\"thumbnailUrl\":\"https:\/\/groupeeffica.com\/wp-content\/uploads\/2020\/07\/vente-detail-magasin.jpg\",\"datePublished\":\"2020-07-18T14:07:25+00:00\",\"dateModified\":\"2021-01-03T14:48:20+00:00\",\"breadcrumb\":{\"@id\":\"https:\/\/groupeeffica.com\/en\/retail-store-sales-training\/#breadcrumb\"},\"inLanguage\":\"en-US\",\"potentialAction\":[{\"@type\":\"ReadAction\",\"target\":[\"https:\/\/groupeeffica.com\/en\/retail-store-sales-training\/\"]}]},{\"@type\":\"ImageObject\",\"inLanguage\":\"en-US\",\"@id\":\"https:\/\/groupeeffica.com\/en\/retail-store-sales-training\/#primaryimage\",\"url\":\"https:\/\/groupeeffica.com\/wp-content\/uploads\/2020\/07\/vente-detail-magasin.jpg\",\"contentUrl\":\"https:\/\/groupeeffica.com\/wp-content\/uploads\/2020\/07\/vente-detail-magasin.jpg\"},{\"@type\":\"BreadcrumbList\",\"@id\":\"https:\/\/groupeeffica.com\/en\/retail-store-sales-training\/#breadcrumb\",\"itemListElement\":[{\"@type\":\"ListItem\",\"position\":1,\"name\":\"Accueil\",\"item\":\"https:\/\/groupeeffica.com\/en\/\"},{\"@type\":\"ListItem\",\"position\":2,\"name\":\"Retail Store Sales Training\"}]},{\"@type\":\"WebSite\",\"@id\":\"https:\/\/groupeeffica.com\/en\/#website\",\"url\":\"https:\/\/groupeeffica.com\/en\/\",\"name\":\"Groupe Effica\",\"description\":\"Sales Effectiveness\",\"potentialAction\":[{\"@type\":\"SearchAction\",\"target\":{\"@type\":\"EntryPoint\",\"urlTemplate\":\"https:\/\/groupeeffica.com\/en\/?s={search_term_string}\"},\"query-input\":{\"@type\":\"PropertyValueSpecification\",\"valueRequired\":true,\"valueName\":\"search_term_string\"}}],\"inLanguage\":\"en-US\"}]}<\/script>\n<!-- \/ Yoast SEO plugin. -->","yoast_head_json":{"title":"Retail Store Sales Training - Groupe Effica","robots":{"index":"index","follow":"follow","max-snippet":"max-snippet:-1","max-image-preview":"max-image-preview:large","max-video-preview":"max-video-preview:-1"},"canonical":"https:\/\/groupeeffica.com\/en\/retail-store-sales-training\/","og_locale":"en_US","og_type":"article","og_title":"Retail Store Sales Training - Groupe Effica","og_url":"https:\/\/groupeeffica.com\/en\/retail-store-sales-training\/","og_site_name":"Groupe Effica","article_modified_time":"2021-01-03T14:48:20+00:00","og_image":[{"url":"https:\/\/groupeeffica.com\/wp-content\/uploads\/2020\/07\/vente-detail-magasin.jpg","type":"","width":"","height":""}],"twitter_card":"summary_large_image","twitter_misc":{"Est. reading time":"10 minutes"},"schema":{"@context":"https:\/\/schema.org","@graph":[{"@type":"WebPage","@id":"https:\/\/groupeeffica.com\/en\/retail-store-sales-training\/","url":"https:\/\/groupeeffica.com\/en\/retail-store-sales-training\/","name":"Retail Store Sales Training - Groupe Effica","isPartOf":{"@id":"https:\/\/groupeeffica.com\/en\/#website"},"primaryImageOfPage":{"@id":"https:\/\/groupeeffica.com\/en\/retail-store-sales-training\/#primaryimage"},"image":{"@id":"https:\/\/groupeeffica.com\/en\/retail-store-sales-training\/#primaryimage"},"thumbnailUrl":"https:\/\/groupeeffica.com\/wp-content\/uploads\/2020\/07\/vente-detail-magasin.jpg","datePublished":"2020-07-18T14:07:25+00:00","dateModified":"2021-01-03T14:48:20+00:00","breadcrumb":{"@id":"https:\/\/groupeeffica.com\/en\/retail-store-sales-training\/#breadcrumb"},"inLanguage":"en-US","potentialAction":[{"@type":"ReadAction","target":["https:\/\/groupeeffica.com\/en\/retail-store-sales-training\/"]}]},{"@type":"ImageObject","inLanguage":"en-US","@id":"https:\/\/groupeeffica.com\/en\/retail-store-sales-training\/#primaryimage","url":"https:\/\/groupeeffica.com\/wp-content\/uploads\/2020\/07\/vente-detail-magasin.jpg","contentUrl":"https:\/\/groupeeffica.com\/wp-content\/uploads\/2020\/07\/vente-detail-magasin.jpg"},{"@type":"BreadcrumbList","@id":"https:\/\/groupeeffica.com\/en\/retail-store-sales-training\/#breadcrumb","itemListElement":[{"@type":"ListItem","position":1,"name":"Accueil","item":"https:\/\/groupeeffica.com\/en\/"},{"@type":"ListItem","position":2,"name":"Retail Store Sales Training"}]},{"@type":"WebSite","@id":"https:\/\/groupeeffica.com\/en\/#website","url":"https:\/\/groupeeffica.com\/en\/","name":"Groupe Effica","description":"Sales Effectiveness","potentialAction":[{"@type":"SearchAction","target":{"@type":"EntryPoint","urlTemplate":"https:\/\/groupeeffica.com\/en\/?s={search_term_string}"},"query-input":{"@type":"PropertyValueSpecification","valueRequired":true,"valueName":"search_term_string"}}],"inLanguage":"en-US"}]}},"_links":{"self":[{"href":"https:\/\/groupeeffica.com\/en\/wp-json\/wp\/v2\/pages\/706","targetHints":{"allow":["GET"]}}],"collection":[{"href":"https:\/\/groupeeffica.com\/en\/wp-json\/wp\/v2\/pages"}],"about":[{"href":"https:\/\/groupeeffica.com\/en\/wp-json\/wp\/v2\/types\/page"}],"author":[{"embeddable":true,"href":"https:\/\/groupeeffica.com\/en\/wp-json\/wp\/v2\/users\/1"}],"replies":[{"embeddable":true,"href":"https:\/\/groupeeffica.com\/en\/wp-json\/wp\/v2\/comments?post=706"}],"version-history":[{"count":3,"href":"https:\/\/groupeeffica.com\/en\/wp-json\/wp\/v2\/pages\/706\/revisions"}],"predecessor-version":[{"id":709,"href":"https:\/\/groupeeffica.com\/en\/wp-json\/wp\/v2\/pages\/706\/revisions\/709"}],"wp:attachment":[{"href":"https:\/\/groupeeffica.com\/en\/wp-json\/wp\/v2\/media?parent=706"}],"wp:term":[{"taxonomy":"post_tag","embeddable":true,"href":"https:\/\/groupeeffica.com\/en\/wp-json\/wp\/v2\/tags?post=706"}],"curies":[{"name":"wp","href":"https:\/\/api.w.org\/{rel}","templated":true}]}}