{"id":713,"date":"2020-07-18T16:09:46","date_gmt":"2020-07-18T14:09:46","guid":{"rendered":"https:\/\/groupeeffica.com\/call-centers-training\/"},"modified":"2021-01-03T15:54:35","modified_gmt":"2021-01-03T14:54:35","slug":"call-centers-training","status":"publish","type":"page","link":"https:\/\/groupeeffica.com\/en\/call-centers-training\/","title":{"rendered":"Call Centers Training"},"content":{"rendered":"<div id='effica_header'  class='avia-section main_color avia-section-small avia-no-border-styling  av-parallax-section avia-bg-style-parallax  avia-builder-el-0  el_before_av_one_half  avia-builder-el-first   av-minimum-height av-minimum-height-custom  container_wrap fullsize' style=' '  data-section-bg-repeat='no-repeat'><div class='av-parallax' data-avia-parallax-ratio='0.3' ><div class='av-parallax-inner main_color  avia-full-stretch' style = 'background-repeat: no-repeat; background-image: url(https:\/\/groupeeffica.com\/wp-content\/uploads\/2020\/07\/effica-header-background-dark.jpg);background-attachment: scroll; background-position: center center; ' ><\/div><\/div><div class='container' style='height:400px'><main  role=\"main\" itemprop=\"mainContentOfPage\"  class='template-page content  av-content-full alpha units'><div class='post-entry post-entry-type-page post-entry-713'><div class='entry-content-wrapper clearfix'>\n<div class=\"flex_column av_one_fifth  flex_column_div av-zero-column-padding first  avia-builder-el-1  el_before_av_four_fifth  avia-builder-el-first  \" style='margin-top:0px; margin-bottom:0px; border-radius:0px; '><\/div><div class=\"flex_column av_four_fifth  flex_column_div av-zero-column-padding   avia-builder-el-2  el_after_av_one_fifth  avia-builder-el-last  \" style='margin-top:0px; margin-bottom:0px; border-radius:0px; '><section class=\"av_textblock_section \"  itemscope=\"itemscope\" itemtype=\"https:\/\/schema.org\/CreativeWork\" ><div class='avia_textblock  '   itemprop=\"text\" ><div class=\"page-header\">\n<div class=\"h2\" style=\"text-align: right;\"><em>Training<\/em><br \/>\nCALL CENTERS<\/p>\n<hr \/>\n<p><span style=\"color: #ea961a;\">&nbsp;<\/span><\/p>\n<\/div>\n<\/div>\n<\/div><\/section><\/div>\n<\/div><\/div><\/main><!-- close content main element --><\/div><\/div><div id='after_section_1'  class='main_color av_default_container_wrap container_wrap fullsize' style=' '  ><div class='container' ><div class='template-page content  av-content-full alpha units'><div class='post-entry post-entry-type-page post-entry-713'><div class='entry-content-wrapper clearfix'>\n<div class=\"flex_column av_one_half  flex_column_div av-zero-column-padding first  avia-builder-el-4  el_after_av_section  el_before_av_one_half  avia-builder-el-first  \" style='border-radius:0px; '><section class=\"av_textblock_section \"  itemscope=\"itemscope\" itemtype=\"https:\/\/schema.org\/CreativeWork\" ><div class='avia_textblock effica-page-header-image '   itemprop=\"text\" ><div><img loading=\"lazy\" decoding=\"async\" class=\"alignnone wp-image-259 size-full\" src=\"https:\/\/groupeeffica.com\/wp-content\/uploads\/2020\/07\/vente-centre-appel.jpg\" alt=\"Centres d'appels\" width=\"1000\" height=\"368\" srcset=\"https:\/\/groupeeffica.com\/wp-content\/uploads\/2020\/07\/vente-centre-appel.jpg 1000w, https:\/\/groupeeffica.com\/wp-content\/uploads\/2020\/07\/vente-centre-appel-300x110.jpg 300w, https:\/\/groupeeffica.com\/wp-content\/uploads\/2020\/07\/vente-centre-appel-768x283.jpg 768w, https:\/\/groupeeffica.com\/wp-content\/uploads\/2020\/07\/vente-centre-appel-705x259.jpg 705w\" sizes=\"auto, (max-width: 1000px) 100vw, 1000px\" \/><\/div>\n<\/div><\/section><\/div>\n<div class=\"flex_column av_one_half  flex_column_div av-zero-column-padding   avia-builder-el-6  el_after_av_one_half  el_before_av_one_full  \" style='border-radius:0px; '><\/div>\n<div class=\"flex_column av_one_full  flex_column_div av-zero-column-padding first  avia-builder-el-7  el_after_av_one_half  avia-builder-el-last  column-top-margin\" style='border-radius:0px; '><div  class=\"tabcontainer   sidebar_tab sidebar_tab_left border_tabs  avia-builder-el-8  avia-builder-el-no-sibling \" role=\"tablist\">\n\n<section class=\"av_tab_section\"  itemscope=\"itemscope\" itemtype=\"https:\/\/schema.org\/CreativeWork\" ><div aria-controls=\"tab-id-1-content\" role=\"tab\" tabindex=\"0\" data-fake-id=\"#tab-id-1\" class=\"tab active_tab\"  itemprop=\"headline\" >Outbound calls<\/div>\n<div id=\"tab-id-1-content\" class=\"tab_content active_tab_content\" aria-hidden=\"false\">\n<div class=\"tab_inner_content invers-color\"  itemprop=\"text\" >\n<p><strong><span class=\"blue\">Increase the success rate of sales during telephone call solicitation and improve satisfaction with the work place. <\/span><\/strong><\/p>\n<div class=\"answer_box\">\n<h3>Training Objectives<\/h3>\n<p>At the end of this training session, participants will be able to:<\/p>\n<ul>\n<li>Prepare themselves mentally before each call to be more persuasive.<\/li>\n<li>Spark the client&#8217;s interest during the first few seconds of the call.<\/li>\n<li>Use a method which will reduce the number of objections.<\/li>\n<li>Adapt the solicitation approach according to the type of client.<\/li>\n<li>Make a proposal in a convincing manner.<\/li>\n<li>Respond rapidly and efficiently to the most frequent objections.<\/li>\n<li>Withdraw gracefully in the case of a categorical refusal.<\/li>\n<\/ul>\n<h3>CONTENT<\/h3>\n<p>Telephone solicitation: the basic principles<\/p>\n<ul>\n<li>Your voice as a work tool.<\/li>\n<li>The attentive listener: your ally.<\/li>\n<li>Handling complaints.<\/li>\n<\/ul>\n<p>The sollicitation technique <strong>SPORT<\/strong><\/p>\n<ol>\n<li>Steal the interest of the client (earn the right).<\/li>\n<li>Personalize the offer.<\/li>\n<li>Observe the reaction of the prospect.<\/li>\n<li>Respond to objections.<\/li>\n<li>Turn into sales.<\/li>\n<\/ol>\n<h3>THE METHODOLOGY<\/h3>\n<p>Every training session is customized for each of our clients. The examples, the exercises and the role play reflect the reality of each company with whom we do business. The means of deployment (in a classroom, by video or internet) is adapted to the needs of the company or the participants. All courses are available in modules.<\/p>\n<\/div>\n\n<\/div>\n<\/div>\n<\/section>\n\n<section class=\"av_tab_section\"  itemscope=\"itemscope\" itemtype=\"https:\/\/schema.org\/CreativeWork\" ><div aria-controls=\"tab-id-2-content\" role=\"tab\" tabindex=\"0\" data-fake-id=\"#tab-id-2\" class=\"tab \"  itemprop=\"headline\" >Appels entrants<\/div>\n<div id=\"tab-id-2-content\" class=\"tab_content \" aria-hidden=\"true\">\n<div class=\"tab_inner_content invers-color\"  itemprop=\"text\" >\n<p><strong><span class=\"blue\">Participants will learn how to maximize the benefits of incoming calls, by increasing their sales and by proposing products and services which answer their clients&#8217; needs. <\/span><\/strong><\/p>\n<div class=\"answer_box\">\n<h3>Training Objectives<\/h3>\n<p>At the end of this training session, the participants will be able to:<\/p>\n<ul>\n<li>Describe the three stages of the client&#8217;s buying process.<\/li>\n<li>Greet each client in such a way that a relationship of trust is established.<\/li>\n<li>Discover the clues which define the client&#8217;s needs.<\/li>\n<li>Direct the client&#8217;s attention toward those elements which will demonstrate that you are the best supplier for their needs.<\/li>\n<li>Pose sales-oriented questions at the most timely moments during the call, (\u201ccall flow\u201d) and obtain more information about the client&#8217;s needs.<\/li>\n<li>Demonstrate the value added of the goods and services in relation to the client&#8217;s needs.<\/li>\n<li>Make convincing recommendations to answer the client&#8217;s needs.<\/li>\n<li>Conclude the sale confidently.<\/li>\n<\/ul>\n<h3>CONTENT<\/h3>\n<p>Telephone solicitation: the basic principles<\/p>\n<ul>\n<li>Your voice as a work tool.<\/li>\n<li>The attentive listener: your ally.<\/li>\n<li>Handling objections.<\/li>\n<li>Immediate needs.<\/li>\n<li>The clues.<\/li>\n<li>Different personalities.<\/li>\n<\/ul>\n<p>The 5 Step Sales Method <strong>ADAPT<\/strong><\/p>\n<ol>\n<li>Active greeting.<\/li>\n<li>Direct the conversation.<\/li>\n<li>Analyze the client&#8217;s needs.<\/li>\n<li>Explain the benefits of your store and your products to the client.<\/li>\n<li>Turn the call into a further follow-up.<\/li>\n<\/ol>\n<h3>THE METHODOLOGY<\/h3>\n<p>Every training session is customized for each of our clients. The examples, the exercises and the role play reflect the reality of each company with whom we do business. The means of deployment (in a classroom, by video or internet) is adapted to the needs of the company or the participants. All courses are available in modules.<\/p>\n<\/div>\n\n<\/div>\n<\/div>\n<\/section>\n\n<section class=\"av_tab_section\"  itemscope=\"itemscope\" itemtype=\"https:\/\/schema.org\/CreativeWork\" ><div aria-controls=\"tab-id-3-content\" role=\"tab\" tabindex=\"0\" data-fake-id=\"#tab-id-3\" class=\"tab \"  itemprop=\"headline\" >Service \u00e0 la client\u00e8le<\/div>\n<div id=\"tab-id-3-content\" class=\"tab_content \" aria-hidden=\"true\">\n<div class=\"tab_inner_content invers-color\"  itemprop=\"text\" >\n<p><strong><span class=\"blue\">Exercer les pratiques et les habilet\u00e9s les plus efficaces et les plus reconnues pour satisfaire les clients au t\u00e9l\u00e9phone, en personne et par courriel.<\/span><\/strong><\/p>\n<h3>OBJECTIFS D\u2019APPRENTISSAGE<\/h3>\n<p>Au terme de cette formation, les participants seront en mesure de :<\/p>\n<ul>\n<li>Reconnaitre l&#8217;importance de bien servir les clients internes comme externes<\/li>\n<li>Choisir la bonne posture mentale lorsqu&#8217;ils sont en mode service \u00e0 la client\u00e8le<\/li>\n<li>D\u00e9crire les diff\u00e9rents types de personnalit\u00e9<\/li>\n<li>Exercer les meilleures pratiques en mati\u00e8re d&#8217;\u00e9coute, de communication et de r\u00e9partie<\/li>\n<li>Utiliser un processus \u00e9tape par \u00e9tape pour offrir un service constant, en d\u00e9pit des nombreuses variables en service \u00e0 la client\u00e8le<\/li>\n<li>D\u00e9crire les diff\u00e9rences et les similitudes entre le service \u00e0 la client\u00e8le par t\u00e9l\u00e9phone, en personne ou par \u00e9crit<\/li>\n<li>D\u00e9crire les degr\u00e9s d\u2019insatisfaction des clients<\/li>\n<li>Adopter la tonalit\u00e9 la plus appropri\u00e9e<\/li>\n<li>Contr\u00f4ler la conversation \u00e0 l\u2019aide de la m\u00e9thode R\u00c9GLER<\/li>\n<li>Annoncer de mauvaises nouvelles au client de fa\u00e7on factuelle et professionnelle<\/li>\n<li>N\u00e9gocier avec un client insatisfait ou en col\u00e8re<\/li>\n<\/ul>\n<h3>CONTENU<\/h3>\n<p>Module 1- Les 4 piliers de l\u2019exp\u00e9rience client:<\/p>\n<ul>\n<li>Pilier 1- Le savoir<\/li>\n<li>Pilier 2- Le savoir-\u00eatre<\/li>\n<li>Pilier 3- Le savoir-faire<\/li>\n<li>Pilier 4- L\u2019organisation<\/li>\n<\/ul>\n<p>Module 2- Le processus d\u2019appel en 5 \u00e9tapes<\/p>\n<ul>\n<li>Accueillir avec enthousiasme<\/li>\n<li>Orienter le client<\/li>\n<li>Analyser la situation<\/li>\n<li>Proposer des solutions<\/li>\n<li>Terminer en laissant bonne impression<\/li>\n<\/ul>\n<p>Module 3- Le processus R.\u00c9.G.L.E.R.<\/p>\n<ul>\n<li>Rassurer<\/li>\n<li>Explorer<\/li>\n<li>G\u00e9rer les attentes<\/li>\n<li>Laisser le client r\u00e9agir<\/li>\n<li>Encadrer<\/li>\n<li>R\u00e9sumer et conclure.<\/li>\n<\/ul>\n<h3>M\u00c9THODE<\/h3>\n<p>Toutes nos formations sont b\u00e2ties sur mesure pour chacun de nos clients. Les exemples, les exercices et les jeux de r\u00f4le sont cr\u00e9\u00e9s pour chaque compagnie avec lesquelles nous faisons affaire. La m\u00e9thode de d\u00e9ploiement (en classe, vid\u00e9o, internet) est adapt\u00e9 aux besoins de la compagnie ou des participants.<\/p>\n\n<\/div>\n<\/div>\n<\/section>\n\n<\/div><\/div>\n","protected":false},"excerpt":{"rendered":"","protected":false},"author":1,"featured_media":0,"parent":0,"menu_order":0,"comment_status":"closed","ping_status":"closed","template":"","meta":{"footnotes":""},"tags":[],"class_list":["post-713","page","type-page","status-publish","hentry"],"yoast_head":"<!-- This site is optimized with the Yoast SEO plugin v27.1.1 - https:\/\/yoast.com\/product\/yoast-seo-wordpress\/ -->\n<title>Call Centers Training - Groupe Effica<\/title>\n<meta name=\"robots\" content=\"index, follow, max-snippet:-1, max-image-preview:large, max-video-preview:-1\" \/>\n<link rel=\"canonical\" href=\"https:\/\/groupeeffica.com\/en\/call-centers-training\/\" \/>\n<meta property=\"og:locale\" content=\"en_US\" \/>\n<meta property=\"og:type\" content=\"article\" \/>\n<meta property=\"og:title\" content=\"Call Centers Training - Groupe Effica\" \/>\n<meta property=\"og:url\" content=\"https:\/\/groupeeffica.com\/en\/call-centers-training\/\" \/>\n<meta property=\"og:site_name\" content=\"Groupe Effica\" \/>\n<meta property=\"article:modified_time\" content=\"2021-01-03T14:54:35+00:00\" \/>\n<meta property=\"og:image\" content=\"https:\/\/groupeeffica.com\/wp-content\/uploads\/2020\/07\/vente-centre-appel.jpg\" \/>\n<meta name=\"twitter:card\" content=\"summary_large_image\" \/>\n<meta name=\"twitter:label1\" content=\"Est. reading time\" \/>\n\t<meta name=\"twitter:data1\" content=\"8 minutes\" \/>\n<script type=\"application\/ld+json\" class=\"yoast-schema-graph\">{\"@context\":\"https:\/\/schema.org\",\"@graph\":[{\"@type\":\"WebPage\",\"@id\":\"https:\/\/groupeeffica.com\/en\/call-centers-training\/\",\"url\":\"https:\/\/groupeeffica.com\/en\/call-centers-training\/\",\"name\":\"Call Centers Training - Groupe Effica\",\"isPartOf\":{\"@id\":\"https:\/\/groupeeffica.com\/en\/#website\"},\"primaryImageOfPage\":{\"@id\":\"https:\/\/groupeeffica.com\/en\/call-centers-training\/#primaryimage\"},\"image\":{\"@id\":\"https:\/\/groupeeffica.com\/en\/call-centers-training\/#primaryimage\"},\"thumbnailUrl\":\"https:\/\/groupeeffica.com\/wp-content\/uploads\/2020\/07\/vente-centre-appel.jpg\",\"datePublished\":\"2020-07-18T14:09:46+00:00\",\"dateModified\":\"2021-01-03T14:54:35+00:00\",\"breadcrumb\":{\"@id\":\"https:\/\/groupeeffica.com\/en\/call-centers-training\/#breadcrumb\"},\"inLanguage\":\"en-US\",\"potentialAction\":[{\"@type\":\"ReadAction\",\"target\":[\"https:\/\/groupeeffica.com\/en\/call-centers-training\/\"]}]},{\"@type\":\"ImageObject\",\"inLanguage\":\"en-US\",\"@id\":\"https:\/\/groupeeffica.com\/en\/call-centers-training\/#primaryimage\",\"url\":\"https:\/\/groupeeffica.com\/wp-content\/uploads\/2020\/07\/vente-centre-appel.jpg\",\"contentUrl\":\"https:\/\/groupeeffica.com\/wp-content\/uploads\/2020\/07\/vente-centre-appel.jpg\"},{\"@type\":\"BreadcrumbList\",\"@id\":\"https:\/\/groupeeffica.com\/en\/call-centers-training\/#breadcrumb\",\"itemListElement\":[{\"@type\":\"ListItem\",\"position\":1,\"name\":\"Accueil\",\"item\":\"https:\/\/groupeeffica.com\/en\/\"},{\"@type\":\"ListItem\",\"position\":2,\"name\":\"Call Centers Training\"}]},{\"@type\":\"WebSite\",\"@id\":\"https:\/\/groupeeffica.com\/en\/#website\",\"url\":\"https:\/\/groupeeffica.com\/en\/\",\"name\":\"Groupe Effica\",\"description\":\"Sales Effectiveness\",\"potentialAction\":[{\"@type\":\"SearchAction\",\"target\":{\"@type\":\"EntryPoint\",\"urlTemplate\":\"https:\/\/groupeeffica.com\/en\/?s={search_term_string}\"},\"query-input\":{\"@type\":\"PropertyValueSpecification\",\"valueRequired\":true,\"valueName\":\"search_term_string\"}}],\"inLanguage\":\"en-US\"}]}<\/script>\n<!-- \/ Yoast SEO plugin. -->","yoast_head_json":{"title":"Call Centers Training - Groupe Effica","robots":{"index":"index","follow":"follow","max-snippet":"max-snippet:-1","max-image-preview":"max-image-preview:large","max-video-preview":"max-video-preview:-1"},"canonical":"https:\/\/groupeeffica.com\/en\/call-centers-training\/","og_locale":"en_US","og_type":"article","og_title":"Call Centers Training - Groupe Effica","og_url":"https:\/\/groupeeffica.com\/en\/call-centers-training\/","og_site_name":"Groupe Effica","article_modified_time":"2021-01-03T14:54:35+00:00","og_image":[{"url":"https:\/\/groupeeffica.com\/wp-content\/uploads\/2020\/07\/vente-centre-appel.jpg","type":"","width":"","height":""}],"twitter_card":"summary_large_image","twitter_misc":{"Est. reading time":"8 minutes"},"schema":{"@context":"https:\/\/schema.org","@graph":[{"@type":"WebPage","@id":"https:\/\/groupeeffica.com\/en\/call-centers-training\/","url":"https:\/\/groupeeffica.com\/en\/call-centers-training\/","name":"Call Centers Training - Groupe Effica","isPartOf":{"@id":"https:\/\/groupeeffica.com\/en\/#website"},"primaryImageOfPage":{"@id":"https:\/\/groupeeffica.com\/en\/call-centers-training\/#primaryimage"},"image":{"@id":"https:\/\/groupeeffica.com\/en\/call-centers-training\/#primaryimage"},"thumbnailUrl":"https:\/\/groupeeffica.com\/wp-content\/uploads\/2020\/07\/vente-centre-appel.jpg","datePublished":"2020-07-18T14:09:46+00:00","dateModified":"2021-01-03T14:54:35+00:00","breadcrumb":{"@id":"https:\/\/groupeeffica.com\/en\/call-centers-training\/#breadcrumb"},"inLanguage":"en-US","potentialAction":[{"@type":"ReadAction","target":["https:\/\/groupeeffica.com\/en\/call-centers-training\/"]}]},{"@type":"ImageObject","inLanguage":"en-US","@id":"https:\/\/groupeeffica.com\/en\/call-centers-training\/#primaryimage","url":"https:\/\/groupeeffica.com\/wp-content\/uploads\/2020\/07\/vente-centre-appel.jpg","contentUrl":"https:\/\/groupeeffica.com\/wp-content\/uploads\/2020\/07\/vente-centre-appel.jpg"},{"@type":"BreadcrumbList","@id":"https:\/\/groupeeffica.com\/en\/call-centers-training\/#breadcrumb","itemListElement":[{"@type":"ListItem","position":1,"name":"Accueil","item":"https:\/\/groupeeffica.com\/en\/"},{"@type":"ListItem","position":2,"name":"Call Centers Training"}]},{"@type":"WebSite","@id":"https:\/\/groupeeffica.com\/en\/#website","url":"https:\/\/groupeeffica.com\/en\/","name":"Groupe Effica","description":"Sales Effectiveness","potentialAction":[{"@type":"SearchAction","target":{"@type":"EntryPoint","urlTemplate":"https:\/\/groupeeffica.com\/en\/?s={search_term_string}"},"query-input":{"@type":"PropertyValueSpecification","valueRequired":true,"valueName":"search_term_string"}}],"inLanguage":"en-US"}]}},"_links":{"self":[{"href":"https:\/\/groupeeffica.com\/en\/wp-json\/wp\/v2\/pages\/713","targetHints":{"allow":["GET"]}}],"collection":[{"href":"https:\/\/groupeeffica.com\/en\/wp-json\/wp\/v2\/pages"}],"about":[{"href":"https:\/\/groupeeffica.com\/en\/wp-json\/wp\/v2\/types\/page"}],"author":[{"embeddable":true,"href":"https:\/\/groupeeffica.com\/en\/wp-json\/wp\/v2\/users\/1"}],"replies":[{"embeddable":true,"href":"https:\/\/groupeeffica.com\/en\/wp-json\/wp\/v2\/comments?post=713"}],"version-history":[{"count":2,"href":"https:\/\/groupeeffica.com\/en\/wp-json\/wp\/v2\/pages\/713\/revisions"}],"predecessor-version":[{"id":715,"href":"https:\/\/groupeeffica.com\/en\/wp-json\/wp\/v2\/pages\/713\/revisions\/715"}],"wp:attachment":[{"href":"https:\/\/groupeeffica.com\/en\/wp-json\/wp\/v2\/media?parent=713"}],"wp:term":[{"taxonomy":"post_tag","embeddable":true,"href":"https:\/\/groupeeffica.com\/en\/wp-json\/wp\/v2\/tags?post=713"}],"curies":[{"name":"wp","href":"https:\/\/api.w.org\/{rel}","templated":true}]}}